{"id":485,"date":"2025-02-28T15:58:38","date_gmt":"2025-02-28T15:58:38","guid":{"rendered":"https:\/\/maisonvista.com\/?page_id=485"},"modified":"2025-03-26T16:00:10","modified_gmt":"2025-03-26T16:00:10","slug":"legal-information","status":"publish","type":"page","link":"https:\/\/maisonvista.com\/en\/mentions-legales\/","title":{"rendered":"Legal information"},"content":{"rendered":"<div data-elementor-type=\"wp-page\" data-elementor-id=\"485\" class=\"elementor elementor-485\" data-elementor-post-type=\"page\">\n\t\t\t\t<div class=\"elementor-element elementor-element-99de1db e-flex e-con-boxed e-con e-parent\" data-id=\"99de1db\" data-element_type=\"container\" data-e-type=\"container\">\n\t\t\t\t\t<div class=\"e-con-inner\">\n\t\t\t\t<div class=\"elementor-element elementor-element-0711b96 elementor-widget elementor-widget-html\" data-id=\"0711b96\" data-element_type=\"widget\" data-e-type=\"widget\" data-widget_type=\"html.default\">\n\t\t\t\t<div class=\"elementor-widget-container\">\n\t\t\t\t\t<div>\r\n<h1>Legal information<\/h1>\r\nIn accordance with the Law for Confidence in the Digital Economy (LCEN) and the General Data Protection Regulation (RGPD), here is the mandatory information relating to the site <strong>maisonvista.com<\/strong>.\r\n<h2>Site publisher<\/h2>\r\n<ul>\r\n\r\n \t<li><strong>Responsible for publication :<\/strong> Ahmed Bouzid<\/li>\r\n \t<li><strong>Contact:<\/strong>\u00a0<a href=\"https:\/\/maisonvista.com\/en\/contact-us\/\">https:\/\/maisonvista.com\/contact-us\/<\/a><\/li>\r\n<\/ul>\r\n<h2>Hosting<\/h2>\r\n<ul>\r\n \t<li><strong>Hosted by :<\/strong> Hostinger International Ltd.<\/li>\r\n \t<li><strong>Address:<\/strong> 61 Lordou Vironos Street, 6023 Larnaca, Cyprus<\/li>\r\n \t<li><strong>Website :<\/strong> <a href=\"https:\/\/www.hostinger.fr\" target=\"_blank\" rel=\"noopener\">https:\/\/www.hostinger.fr<\/a><\/li>\r\n \t<li><strong>Contact:<\/strong> <a href=\"mailto:support@hostinger.com\">support@hostinger.com<\/a><\/li>\r\n<\/ul>\r\n<h2>Protection of personal data<\/h2>\r\nThe information collected on this site is processed in accordance with the General Data Protection Regulation (RGPD). You have the right to access, modify or delete your personal data by contacting us using the form on this site.\r\n\r\nFor further information, please consult our <a href=\"https:\/\/maisonvista.org\/politique-de-confidentialite\/\" target=\"_blank\" rel=\"noopener\">privacy policy<\/a>.\r\n<h2>Intellectual property<\/h2>\r\nAll content on this site (text, images, graphics, logos, etc.) is protected by copyright. Any reproduction or use without prior authorisation is prohibited, unless explicitly stated otherwise.\r\n<h2>Liability<\/h2>\r\nThe publisher cannot be held responsible for any direct or indirect damage arising from the use of the site or the information it contains. This site may contain links to third-party sites. The publisher declines all responsibility for the content of these external sites.\r\n<h2>Cookies<\/h2>\r\nThis site uses cookies to improve your user experience and for analytical purposes. You can manage your cookie preferences via your browser settings. For more information, visit our <a href=\"https:\/\/maisonvista.org\/politique-de-confidentialite\/\" target=\"_blank\" rel=\"noopener\">privacy policy<\/a>.\r\n<h2>Contact<\/h2>\r\nIf you have any questions or requests relating to this legal notice, you can contact us using the form on this site.\r\n\r\n<\/div>\t\t\t\t<\/div>\n\t\t\t\t<\/div>\n\t\t\t\t\t<\/div>\n\t\t\t\t<\/div>\n\t\t\t\t<\/div>","protected":false},"excerpt":{"rendered":"<p>Mentions L\u00e9gales Conform\u00e9ment \u00e0 la Loi pour la Confiance dans l&rsquo;\u00c9conomie Num\u00e9rique (LCEN) et au R\u00e8glement G\u00e9n\u00e9ral sur la Protection des Donn\u00e9es (RGPD), voici les informations obligatoires relatives au site maisonvista.com. \u00c9diteur du site Responsable de la publication : Ahmed Bouzid Contact :\u00a0https:\/\/maisonvista.com\/contact-us\/ H\u00e9bergement H\u00e9bergeur : Hostinger International Ltd. Adresse : 61 Lordou Vironos Street, [&hellip;]<\/p>\n","protected":false},"author":1,"featured_media":0,"parent":0,"menu_order":0,"comment_status":"closed","ping_status":"closed","template":"","meta":{"_seopress_robots_primary_cat":"","_seopress_titles_title":"","_seopress_titles_desc":"","_seopress_robots_index":"","footnotes":""},"class_list":["post-485","page","type-page","status-publish","hentry"],"_links":{"self":[{"href":"https:\/\/maisonvista.com\/en\/wp-json\/wp\/v2\/pages\/485","targetHints":{"allow":["GET"]}}],"collection":[{"href":"https:\/\/maisonvista.com\/en\/wp-json\/wp\/v2\/pages"}],"about":[{"href":"https:\/\/maisonvista.com\/en\/wp-json\/wp\/v2\/types\/page"}],"author":[{"embeddable":true,"href":"https:\/\/maisonvista.com\/en\/wp-json\/wp\/v2\/users\/1"}],"replies":[{"embeddable":true,"href":"https:\/\/maisonvista.com\/en\/wp-json\/wp\/v2\/comments?post=485"}],"version-history":[{"count":10,"href":"https:\/\/maisonvista.com\/en\/wp-json\/wp\/v2\/pages\/485\/revisions"}],"predecessor-version":[{"id":1067,"href":"https:\/\/maisonvista.com\/en\/wp-json\/wp\/v2\/pages\/485\/revisions\/1067"}],"wp:attachment":[{"href":"https:\/\/maisonvista.com\/en\/wp-json\/wp\/v2\/media?parent=485"}],"curies":[{"name":"wp","href":"https:\/\/api.w.org\/{rel}","templated":true}]}}